{"id":159,"date":"2019-09-18T04:57:54","date_gmt":"2019-09-18T01:57:54","guid":{"rendered":"https:\/\/the7.io\/yoga\/?page_id=159"},"modified":"2023-01-25T18:11:02","modified_gmt":"2023-01-25T15:11:02","slug":"iletisim","status":"publish","type":"page","link":"https:\/\/www.albertekstil.com.tr\/?page_id=159","title":{"rendered":"\u0130leti\u015fim"},"content":{"rendered":"<p>[vc_row][vc_column]<div class=\"ult-spacer spacer-69f38c7fd0706\" data-id=\"69f38c7fd0706\" data-height=\"100\" data-height-mobile=\"100\" data-height-tab=\"100\" data-height-tab-portrait=\"\" data-height-mobile-landscape=\"\" style=\"clear:both;display:block;\"><\/div>[\/vc_column][\/vc_row][vc_row full_width=&#8221;stretch_row_content_no_spaces&#8221; equal_height=&#8221;yes&#8221; content_placement=&#8221;top&#8221;][vc_column width=&#8221;1\/2&#8243; css=&#8221;.vc_custom_1670332623254{padding-top: 50px !important;padding-right: 50px !important;padding-bottom: 20px !important;padding-left: 50px !important;}&#8221;]<div id=\"ultimate-heading-820369f38c7fd0774\" class=\"uvc-heading ult-adjust-bottom-margin ultimate-heading-820369f38c7fd0774 uvc-9993  uvc-heading-default-font-sizes\" data-hspacer=\"no_spacer\"  data-halign=\"left\" style=\"text-align:left\"><div class=\"uvc-heading-spacer no_spacer\" style=\"top\"><\/div><div class=\"uvc-main-heading ult-responsive\"  data-ultimate-target='.uvc-heading.ultimate-heading-820369f38c7fd0774 h2'  data-responsive-json-new='{\"font-size\":\"\",\"line-height\":\"\"}' ><h2 style=\"--font-weight:theme;margin-bottom:30px;\">ADRES<\/h2><\/div><\/div><div class='ult_hotspot_container ult-adjust-bottom-margin ult-hotspot-tooltip-wrapper ' style=>  <img class='ult_hotspot_image' src=https:\/\/www.albertekstil.com.tr\/wp-content\/uploads\/2023\/01\/Ekran-Resmi-2023-01-06-18.38.22-e1673019608488.png alt='null'\/>     <div class='utl-hotspot-items ult-hotspot-item'><div class='ult-hotspot-item  ' style='top:-webkit-calc(42.360710161662816% - 22px);top:-moz-calc(42.360710161662816% - 22px);top:calc(42.360710161662816% - 22px);left: -webkit-calc(45.01347708894879% - 22px);left: -moz-calc(45.01347708894879% - 22px);left: calc(45.01347708894879% - 22px);' >  <div style='z-index: 39;position: relative;'>   <a data-link_style='simple' class='ult-tooltipstered ult-hotspot-tooltip' href=\"https:\/\/www.google.com\/maps\/place\/Denizli+Alber+Tekstil\/@37.8300418,29.0736727,17z\/data=!3m1!4b1!4m5!3m4!1s0x14c715131379d677:0x45957048236ad477!8m2!3d37.8300376!4d29.076253\" target=\"_blank\" rel=\"noopener\"  data-status='hide'><div class=\"ult-just-icon-wrapper  \"><div class=\"align-icon\" style=\"text-align:center;\">\n<div class=\"aio-icon  \"  style=\"color:#979fa3;font-size:44px;display:inline-block;\">\n\t<i class=\"icomoon-the7-font-the7-map-04\"><\/i>\n<\/div><\/div><\/div>  <\/a> <\/div><!-- ICON WRAP --> <div class='ult-glow' ><\/div><\/div>\n<\/div>     <div style='color:#000;' data-image='    '><\/div><\/div>[\/vc_column][vc_column width=&#8221;1\/2&#8243; css=&#8221;.vc_custom_1670332635889{padding-top: 50px !important;padding-right: 50px !important;padding-bottom: 50px !important;padding-left: 50px !important;background-position: center !important;background-repeat: no-repeat !important;background-size: contain !important;}&#8221;]<div id=\"ultimate-heading-749669f38c7fd0e33\" class=\"uvc-heading ult-adjust-bottom-margin ultimate-heading-749669f38c7fd0e33 uvc-8226  uvc-heading-default-font-sizes\" data-hspacer=\"no_spacer\"  data-halign=\"left\" style=\"text-align:left\"><div class=\"uvc-heading-spacer no_spacer\" style=\"top\"><\/div><div class=\"uvc-main-heading ult-responsive\"  data-ultimate-target='.uvc-heading.ultimate-heading-749669f38c7fd0e33 h2'  data-responsive-json-new='{\"font-size\":\"\",\"line-height\":\"\"}' ><h2 style=\"font-weight:bold;margin-bottom:30px;\">B\u0130ZE ULA\u015eIN<\/h2><\/div><div class=\"uvc-sub-heading ult-responsive\"  data-ultimate-target='.uvc-heading.ultimate-heading-749669f38c7fd0e33 .uvc-sub-heading '  data-responsive-json-new='{\"font-size\":\"\",\"line-height\":\"\"}'  style=\"font-weight:bold;margin-bottom:30px;\">info@albertekstil.com.tr<\/p>\n<p>+90 258 372 2171<\/p>\n<p>+90 541 417 9126<\/p>\n<p>Bozburun Mah. Ahmet Nazif Zorlu San. Sit.<\/p>\n<p>7158 Sok. No: 2 Merkezefendi\/Denizli<\/div><\/div><style type=\"text\/css\" data-type=\"the7_shortcodes-inline-css\">.dt-shortcode-soc-icons.soc-icons-cb68014edf1faece5dcac95c19426bc0 a {\n  margin-right: 10px;\n}\n.dt-shortcode-soc-icons a.soc-icons-cb68014edf1faece5dcac95c19426bc0 {\n  margin-right: 10px;\n}\n.dt-shortcode-soc-icons a.soc-icons-cb68014edf1faece5dcac95c19426bc0:last-child {\n  margin-right: 0;\n}\n.dt-shortcode-soc-icons a.soc-icons-cb68014edf1faece5dcac95c19426bc0:before,\n.dt-shortcode-soc-icons a.soc-icons-cb68014edf1faece5dcac95c19426bc0:after {\n  padding: inherit;\n}\n.dt-shortcode-soc-icons a.soc-icons-cb68014edf1faece5dcac95c19426bc0.dt-icon-border-on:before {\n  border:  solid ;\n}\n.dt-shortcode-soc-icons a.soc-icons-cb68014edf1faece5dcac95c19426bc0.dt-icon-hover-border-on:after {\n  border:  solid ;\n}\n<\/style><div class=\"dt-shortcode-soc-icons  soc-icons-cb68014edf1faece5dcac95c19426bc0 soc-icons-left \" ><style type=\"text\/css\" data-type=\"the7_shortcodes-inline-css\">.dt-shortcode-soc-icons a.single-soc-icon-bd789f4f3d324911a72f9c3cd062189f {\n  min-width: 46px;\n  min-height: 46px;\n  font-size: 24px;\n  border-radius: 100px;\n}\n.dt-shortcode-soc-icons a.single-soc-icon-bd789f4f3d324911a72f9c3cd062189f:last-child {\n  margin-right: 0;\n}\n.dt-shortcode-soc-icons a.single-soc-icon-bd789f4f3d324911a72f9c3cd062189f:before,\n.dt-shortcode-soc-icons a.single-soc-icon-bd789f4f3d324911a72f9c3cd062189f:after {\n  min-width: 46px;\n  min-height: 46px;\n  padding: inherit;\n}\n.dt-shortcode-soc-icons a.single-soc-icon-bd789f4f3d324911a72f9c3cd062189f.dt-icon-border-on:before {\n  border: 2px solid #2e2b36;\n}\n.dt-shortcode-soc-icons a.single-soc-icon-bd789f4f3d324911a72f9c3cd062189f.dt-icon-hover-border-on:after {\n  border: 2px solid ;\n}\n.dt-shortcode-soc-icons a.single-soc-icon-bd789f4f3d324911a72f9c3cd062189f:hover {\n  font-size: 24px;\n}\n#page .dt-shortcode-soc-icons a.single-soc-icon-bd789f4f3d324911a72f9c3cd062189f:hover .soc-font-icon,\n#phantom .dt-shortcode-soc-icons a.single-soc-icon-bd789f4f3d324911a72f9c3cd062189f:hover .soc-font-icon,\n#page .dt-shortcode-soc-icons a.single-soc-icon-bd789f4f3d324911a72f9c3cd062189f:hover .soc-icon,\n#phantom .dt-shortcode-soc-icons a.single-soc-icon-bd789f4f3d324911a72f9c3cd062189f:hover .soc-icon {\n  color: #ffffff;\n  background: none;\n}\n#page .dt-shortcode-soc-icons a.single-soc-icon-bd789f4f3d324911a72f9c3cd062189f.dt-icon-hover-bg-on:after,\n#phantom .dt-shortcode-soc-icons a.single-soc-icon-bd789f4f3d324911a72f9c3cd062189f.dt-icon-hover-bg-on:after {\n  background: #2e2b36;\n}\n#page .dt-shortcode-soc-icons a.single-soc-icon-bd789f4f3d324911a72f9c3cd062189f:not(:hover) .soc-font-icon,\n#phantom .dt-shortcode-soc-icons a.single-soc-icon-bd789f4f3d324911a72f9c3cd062189f:not(:hover) .soc-font-icon,\n#page .dt-shortcode-soc-icons a.single-soc-icon-bd789f4f3d324911a72f9c3cd062189f:not(:hover) .soc-icon,\n#phantom .dt-shortcode-soc-icons a.single-soc-icon-bd789f4f3d324911a72f9c3cd062189f:not(:hover) .soc-icon {\n  color: #2e2b36;\n  background: none;\n}\n.dt-shortcode-soc-icons a.single-soc-icon-bd789f4f3d324911a72f9c3cd062189f .soc-font-icon,\n.dt-shortcode-soc-icons a.single-soc-icon-bd789f4f3d324911a72f9c3cd062189f .soc-icon {\n  font-size: 24px;\n}\n<\/style><a title=\"Instagram\" href=\"https:\/\/www.instagram.com\/albertekstil\/\" class=\"instagram single-soc-icon-bd789f4f3d324911a72f9c3cd062189f dt-icon-bg-off dt-icon-border-on dt-icon-hover-bg-on  \" ><i class=\"soc-icon soc-font-icon dt-icon-instagram\"><\/i><span class=\"screen-reader-text\">Instagram<\/span><\/a><\/div>[\/vc_column][\/vc_row][vc_row full_width=&#8221;stretch_row_content_no_spaces&#8221; equal_height=&#8221;yes&#8221; content_placement=&#8221;top&#8221; disable_element=&#8221;yes&#8221; el_class=&#8221;reverse-row-on-mobile&#8221;][vc_column width=&#8221;1\/2&#8243; css=&#8221;.vc_custom_1571562273382{padding-top: 50px !important;padding-right: 50px !important;padding-bottom: 50px !important;padding-left: 50px !important;background-color: #ececec !important;}&#8221;]<div id=\"ultimate-heading-988669f38c7fd1061\" class=\"uvc-heading ult-adjust-bottom-margin ultimate-heading-988669f38c7fd1061 uvc-9084  uvc-heading-default-font-sizes\" data-hspacer=\"no_spacer\"  data-halign=\"left\" style=\"text-align:left\"><div class=\"uvc-heading-spacer no_spacer\" style=\"top\"><\/div><div class=\"uvc-main-heading ult-responsive\"  data-ultimate-target='.uvc-heading.ultimate-heading-988669f38c7fd1061 h2'  data-responsive-json-new='{\"font-size\":\"\",\"line-height\":\"\"}' ><h2 style=\"--font-weight:theme;margin-bottom:30px;\">Opening Hours<\/h2><\/div><div class=\"uvc-sub-heading ult-responsive\"  data-ultimate-target='.uvc-heading.ultimate-heading-988669f38c7fd1061 .uvc-sub-heading '  data-responsive-json-new='{\"font-size\":\"\",\"line-height\":\"\"}'  style=\"font-weight:normal;\">Lorem ipsum dolor sit amet, consectetur adipiscing elit. Ut elit tellus, luctus nec ullamcorper mattis, pulvinar dapibus leo. Duis ornare, est at mollis for libero mollis orci vitae dictum lacus furgi nulla amet for quis neque lectus vel neque.<\/p>\n<p>Monday \u2026\u2026\u2026&#8230;&#8230;&#8230;.\u2026. 8 am \u2013 10 pm<br \/>\nTuesday \u2026\u2026\u2026\u2026.\u2026&#8230;\u2026. 8 am \u2013 10 pm<br \/>\nWednesday \u2026\u2026\u2026\u2026\u2026. 8 am \u2013 10 pm<br \/>\nThursday \u2026\u2026\u2026\u2026&#8230;.\u2026. 8 am \u2013 10 pm<br \/>\nFriday \u2026\u2026\u2026\u2026&#8230;&#8230;&#8230;\u2026. 8 am \u2013 10 pm<br \/>\nSaturday &#8230;&#8230;&#8230;&#8230;.\u2026..\u2026. 9 am \u2013 9 pm<br \/>\nSunday &#8230;&#8230;&#8230;&#8230;&#8230;..\u2026\u2026. 9 am \u2013 9 pm<\/div><\/div>[\/vc_column][vc_column width=&#8221;1\/2&#8243; css=&#8221;.vc_custom_1571562566387{padding-top: 50px !important;padding-right: 50px !important;padding-bottom: 50px !important;padding-left: 50px !important;background-color: #fbfafa !important;}&#8221;]<div id=\"ultimate-heading-560069f38c7fd109f\" class=\"uvc-heading ult-adjust-bottom-margin ultimate-heading-560069f38c7fd109f uvc-1123  uvc-heading-default-font-sizes\" data-hspacer=\"no_spacer\"  data-halign=\"left\" style=\"text-align:left\"><div class=\"uvc-heading-spacer no_spacer\" style=\"top\"><\/div><div class=\"uvc-main-heading ult-responsive\"  data-ultimate-target='.uvc-heading.ultimate-heading-560069f38c7fd109f h2'  data-responsive-json-new='{\"font-size\":\"\",\"line-height\":\"\"}' ><h2 style=\"--font-weight:theme;margin-bottom:30px;\">Get In Touch<\/h2><\/div><\/div><form class=\"dt-contact-form dt-form\" method=\"post\"><input type=\"hidden\" name=\"widget_id\" value=\"presscore-contact-form-widget--1\" \/><input type=\"hidden\" name=\"send_message\" value=\"\" \/><input type=\"hidden\" name=\"security_token\" value=\"b4407273e97e48dcbbe6\"\/><div class=\"form-fields\"><span class=\"form-name\"><label class=\"assistive-text\">Name *<\/label><input type=\"text\" class=\"validate[required]\" placeholder=\"Name *\" name=\"name\" value=\"\" aria-required=\"true\">\n<\/span><span class=\"form-mail\"><label class=\"assistive-text\">E-mail *<\/label><input type=\"text\" class=\"validate[required,custom[email]]\" placeholder=\"E-mail *\" name=\"email\" value=\"\" aria-required=\"true\">\n<\/span><span class=\"form-telephone\"><label class=\"assistive-text\">Telephone<\/label><input type=\"text\" placeholder=\"Telephone\" name=\"telephone\" value=\"\" aria-required=\"false\">\n<\/span><\/div><span class=\"form-message\"><label class=\"assistive-text\">Message<\/label><textarea placeholder=\"Message\" name=\"message\" rows=\"6\" aria-required=\"false\"><\/textarea>\n<\/span><p><a href=\"#\" class=\"dt-btn dt-btn-m dt-btn-submit\" rel=\"nofollow\"><span>Send message<\/span><\/a><input class=\"assistive-text\" type=\"submit\" value=\"submit\"><\/p><\/form>\n[\/vc_column][\/vc_row][vc_row][vc_column]<div class=\"ult-spacer spacer-69f38c7fd15e4\" data-id=\"69f38c7fd15e4\" data-height=\"100\" data-height-mobile=\"100\" data-height-tab=\"100\" data-height-tab-portrait=\"\" data-height-mobile-landscape=\"\" style=\"clear:both;display:block;\"><\/div>[\/vc_column][\/vc_row]<\/p>\n","protected":false},"excerpt":{"rendered":"<p>[vc_row][vc_column][\/vc_column][\/vc_row][vc_row full_width=&#8221;stretch_row_content_no_spaces&#8221; equal_height=&#8221;yes&#8221; content_placement=&#8221;top&#8221;][vc_column width=&#8221;1\/2&#8243; css=&#8221;.vc_custom_1670332623254{padding-top: 50px !important;padding-right: 50px !important;padding-bottom: 20px !important;padding-left: 50px !important;}&#8221;][\/vc_column][vc_column width=&#8221;1\/2&#8243; css=&#8221;.vc_custom_1670332635889{padding-top: 50px !important;padding-right: 50px !important;padding-bottom: 50px !important;padding-left: 50px !important;background-position: center !important;background-repeat: no-repeat !important;background-size: contain !important;}&#8221;][\/vc_column][\/vc_row][vc_row full_width=&#8221;stretch_row_content_no_spaces&#8221; equal_height=&#8221;yes&#8221; content_placement=&#8221;top&#8221; disable_element=&#8221;yes&#8221; el_class=&#8221;reverse-row-on-mobile&#8221;][vc_column width=&#8221;1\/2&#8243; css=&#8221;.vc_custom_1571562273382{padding-top: 50px !important;padding-right: 50px !important;padding-bottom: 50px !important;padding-left: 50px !important;background-color: #ececec !important;}&#8221;][\/vc_column][vc_column width=&#8221;1\/2&#8243; css=&#8221;.vc_custom_1571562566387{padding-top: 50px !important;padding-right: 50px !important;padding-bottom: 50px !important;padding-left:&hellip;<\/p>\n","protected":false},"author":1,"featured_media":0,"parent":0,"menu_order":0,"comment_status":"closed","ping_status":"closed","template":"","meta":{"footnotes":""},"class_list":["post-159","page","type-page","status-publish","hentry","description-off"],"yoast_head":"<!-- This site is optimized with the Yoast SEO plugin v19.14 - https:\/\/yoast.com\/wordpress\/plugins\/seo\/ -->\n<title>\u0130leti\u015fim - Denizli Alber Tekstil<\/title>\n<meta name=\"robots\" content=\"noindex, nofollow\" \/>\n<meta property=\"og:locale\" content=\"tr_TR\" \/>\n<meta property=\"og:type\" content=\"article\" \/>\n<meta property=\"og:title\" content=\"\u0130leti\u015fim - Denizli Alber Tekstil\" \/>\n<meta property=\"og:description\" content=\"[vc_row][vc_column][\/vc_column][\/vc_row][vc_row full_width=&#8221;stretch_row_content_no_spaces&#8221; equal_height=&#8221;yes&#8221; content_placement=&#8221;top&#8221;][vc_column width=&#8221;1\/2&#8243; css=&#8221;.vc_custom_1670332623254{padding-top: 50px !important;padding-right: 50px !important;padding-bottom: 20px !important;padding-left: 50px !important;}&#8221;][\/vc_column][vc_column width=&#8221;1\/2&#8243; css=&#8221;.vc_custom_1670332635889{padding-top: 50px !important;padding-right: 50px !important;padding-bottom: 50px !important;padding-left: 50px !important;background-position: center !important;background-repeat: no-repeat !important;background-size: contain !important;}&#8221;][\/vc_column][\/vc_row][vc_row full_width=&#8221;stretch_row_content_no_spaces&#8221; equal_height=&#8221;yes&#8221; content_placement=&#8221;top&#8221; disable_element=&#8221;yes&#8221; el_class=&#8221;reverse-row-on-mobile&#8221;][vc_column width=&#8221;1\/2&#8243; css=&#8221;.vc_custom_1571562273382{padding-top: 50px !important;padding-right: 50px !important;padding-bottom: 50px !important;padding-left: 50px !important;background-color: #ececec !important;}&#8221;][\/vc_column][vc_column width=&#8221;1\/2&#8243; css=&#8221;.vc_custom_1571562566387{padding-top: 50px !important;padding-right: 50px !important;padding-bottom: 50px !important;padding-left:&hellip;\" \/>\n<meta property=\"og:url\" content=\"https:\/\/www.albertekstil.com.tr\/?page_id=159\" \/>\n<meta property=\"og:site_name\" content=\"Denizli Alber Tekstil\" \/>\n<meta property=\"article:modified_time\" content=\"2023-01-25T15:11:02+00:00\" \/>\n<meta name=\"twitter:card\" content=\"summary_large_image\" \/>\n<meta name=\"twitter:label1\" content=\"Tahmini okuma s\u00fcresi\" \/>\n\t<meta name=\"twitter:data1\" content=\"2 dakika\" \/>\n<script type=\"application\/ld+json\" class=\"yoast-schema-graph\">{\"@context\":\"https:\/\/schema.org\",\"@graph\":[{\"@type\":\"WebPage\",\"@id\":\"https:\/\/www.albertekstil.com.tr\/?page_id=159\",\"url\":\"https:\/\/www.albertekstil.com.tr\/?page_id=159\",\"name\":\"\u0130leti\u015fim - Denizli Alber Tekstil\",\"isPartOf\":{\"@id\":\"https:\/\/www.albertekstil.com.tr\/#website\"},\"datePublished\":\"2019-09-18T01:57:54+00:00\",\"dateModified\":\"2023-01-25T15:11:02+00:00\",\"breadcrumb\":{\"@id\":\"https:\/\/www.albertekstil.com.tr\/?page_id=159#breadcrumb\"},\"inLanguage\":\"tr\",\"potentialAction\":[{\"@type\":\"ReadAction\",\"target\":[\"https:\/\/www.albertekstil.com.tr\/?page_id=159\"]}]},{\"@type\":\"BreadcrumbList\",\"@id\":\"https:\/\/www.albertekstil.com.tr\/?page_id=159#breadcrumb\",\"itemListElement\":[{\"@type\":\"ListItem\",\"position\":1,\"name\":\"Anasayfa\",\"item\":\"https:\/\/www.albertekstil.com.tr\/\"},{\"@type\":\"ListItem\",\"position\":2,\"name\":\"\u0130leti\u015fim\"}]},{\"@type\":\"WebSite\",\"@id\":\"https:\/\/www.albertekstil.com.tr\/#website\",\"url\":\"https:\/\/www.albertekstil.com.tr\/\",\"name\":\"Denizli Alber Tekstil\",\"description\":\"\u00dcretimde m\u00fckemmellik ve yenilik\u00e7ilik\",\"publisher\":{\"@id\":\"https:\/\/www.albertekstil.com.tr\/#organization\"},\"potentialAction\":[{\"@type\":\"SearchAction\",\"target\":{\"@type\":\"EntryPoint\",\"urlTemplate\":\"https:\/\/www.albertekstil.com.tr\/?s={search_term_string}\"},\"query-input\":\"required name=search_term_string\"}],\"inLanguage\":\"tr\"},{\"@type\":\"Organization\",\"@id\":\"https:\/\/www.albertekstil.com.tr\/#organization\",\"name\":\"Denizli Alber Tekstil\",\"url\":\"https:\/\/www.albertekstil.com.tr\/\",\"logo\":{\"@type\":\"ImageObject\",\"inLanguage\":\"tr\",\"@id\":\"https:\/\/www.albertekstil.com.tr\/#\/schema\/logo\/image\/\",\"url\":\"https:\/\/www.albertekstil.com.tr\/wp-content\/uploads\/2022\/12\/387x141-Alber-Logo.png\",\"contentUrl\":\"https:\/\/www.albertekstil.com.tr\/wp-content\/uploads\/2022\/12\/387x141-Alber-Logo.png\",\"width\":387,\"height\":141,\"caption\":\"Denizli Alber Tekstil\"},\"image\":{\"@id\":\"https:\/\/www.albertekstil.com.tr\/#\/schema\/logo\/image\/\"},\"sameAs\":[\"https:\/\/www.instagram.com\/albertekstil\/\"]}]}<\/script>\n<!-- \/ Yoast SEO plugin. -->","yoast_head_json":{"title":"\u0130leti\u015fim - Denizli Alber Tekstil","robots":{"index":"noindex","follow":"nofollow"},"og_locale":"tr_TR","og_type":"article","og_title":"\u0130leti\u015fim - Denizli Alber Tekstil","og_description":"[vc_row][vc_column][\/vc_column][\/vc_row][vc_row full_width=&#8221;stretch_row_content_no_spaces&#8221; equal_height=&#8221;yes&#8221; content_placement=&#8221;top&#8221;][vc_column width=&#8221;1\/2&#8243; css=&#8221;.vc_custom_1670332623254{padding-top: 50px !important;padding-right: 50px !important;padding-bottom: 20px !important;padding-left: 50px !important;}&#8221;][\/vc_column][vc_column width=&#8221;1\/2&#8243; css=&#8221;.vc_custom_1670332635889{padding-top: 50px !important;padding-right: 50px !important;padding-bottom: 50px !important;padding-left: 50px !important;background-position: center !important;background-repeat: no-repeat !important;background-size: contain !important;}&#8221;][\/vc_column][\/vc_row][vc_row full_width=&#8221;stretch_row_content_no_spaces&#8221; equal_height=&#8221;yes&#8221; content_placement=&#8221;top&#8221; disable_element=&#8221;yes&#8221; el_class=&#8221;reverse-row-on-mobile&#8221;][vc_column width=&#8221;1\/2&#8243; css=&#8221;.vc_custom_1571562273382{padding-top: 50px !important;padding-right: 50px !important;padding-bottom: 50px !important;padding-left: 50px !important;background-color: #ececec !important;}&#8221;][\/vc_column][vc_column width=&#8221;1\/2&#8243; css=&#8221;.vc_custom_1571562566387{padding-top: 50px !important;padding-right: 50px !important;padding-bottom: 50px !important;padding-left:&hellip;","og_url":"https:\/\/www.albertekstil.com.tr\/?page_id=159","og_site_name":"Denizli Alber Tekstil","article_modified_time":"2023-01-25T15:11:02+00:00","twitter_card":"summary_large_image","twitter_misc":{"Tahmini okuma s\u00fcresi":"2 dakika"},"schema":{"@context":"https:\/\/schema.org","@graph":[{"@type":"WebPage","@id":"https:\/\/www.albertekstil.com.tr\/?page_id=159","url":"https:\/\/www.albertekstil.com.tr\/?page_id=159","name":"\u0130leti\u015fim - Denizli Alber Tekstil","isPartOf":{"@id":"https:\/\/www.albertekstil.com.tr\/#website"},"datePublished":"2019-09-18T01:57:54+00:00","dateModified":"2023-01-25T15:11:02+00:00","breadcrumb":{"@id":"https:\/\/www.albertekstil.com.tr\/?page_id=159#breadcrumb"},"inLanguage":"tr","potentialAction":[{"@type":"ReadAction","target":["https:\/\/www.albertekstil.com.tr\/?page_id=159"]}]},{"@type":"BreadcrumbList","@id":"https:\/\/www.albertekstil.com.tr\/?page_id=159#breadcrumb","itemListElement":[{"@type":"ListItem","position":1,"name":"Anasayfa","item":"https:\/\/www.albertekstil.com.tr\/"},{"@type":"ListItem","position":2,"name":"\u0130leti\u015fim"}]},{"@type":"WebSite","@id":"https:\/\/www.albertekstil.com.tr\/#website","url":"https:\/\/www.albertekstil.com.tr\/","name":"Denizli Alber Tekstil","description":"\u00dcretimde m\u00fckemmellik ve yenilik\u00e7ilik","publisher":{"@id":"https:\/\/www.albertekstil.com.tr\/#organization"},"potentialAction":[{"@type":"SearchAction","target":{"@type":"EntryPoint","urlTemplate":"https:\/\/www.albertekstil.com.tr\/?s={search_term_string}"},"query-input":"required name=search_term_string"}],"inLanguage":"tr"},{"@type":"Organization","@id":"https:\/\/www.albertekstil.com.tr\/#organization","name":"Denizli Alber Tekstil","url":"https:\/\/www.albertekstil.com.tr\/","logo":{"@type":"ImageObject","inLanguage":"tr","@id":"https:\/\/www.albertekstil.com.tr\/#\/schema\/logo\/image\/","url":"https:\/\/www.albertekstil.com.tr\/wp-content\/uploads\/2022\/12\/387x141-Alber-Logo.png","contentUrl":"https:\/\/www.albertekstil.com.tr\/wp-content\/uploads\/2022\/12\/387x141-Alber-Logo.png","width":387,"height":141,"caption":"Denizli Alber Tekstil"},"image":{"@id":"https:\/\/www.albertekstil.com.tr\/#\/schema\/logo\/image\/"},"sameAs":["https:\/\/www.instagram.com\/albertekstil\/"]}]}},"_links":{"self":[{"href":"https:\/\/www.albertekstil.com.tr\/index.php?rest_route=\/wp\/v2\/pages\/159","targetHints":{"allow":["GET"]}}],"collection":[{"href":"https:\/\/www.albertekstil.com.tr\/index.php?rest_route=\/wp\/v2\/pages"}],"about":[{"href":"https:\/\/www.albertekstil.com.tr\/index.php?rest_route=\/wp\/v2\/types\/page"}],"author":[{"embeddable":true,"href":"https:\/\/www.albertekstil.com.tr\/index.php?rest_route=\/wp\/v2\/users\/1"}],"replies":[{"embeddable":true,"href":"https:\/\/www.albertekstil.com.tr\/index.php?rest_route=%2Fwp%2Fv2%2Fcomments&post=159"}],"version-history":[{"count":34,"href":"https:\/\/www.albertekstil.com.tr\/index.php?rest_route=\/wp\/v2\/pages\/159\/revisions"}],"predecessor-version":[{"id":1873,"href":"https:\/\/www.albertekstil.com.tr\/index.php?rest_route=\/wp\/v2\/pages\/159\/revisions\/1873"}],"wp:attachment":[{"href":"https:\/\/www.albertekstil.com.tr\/index.php?rest_route=%2Fwp%2Fv2%2Fmedia&parent=159"}],"curies":[{"name":"wp","href":"https:\/\/api.w.org\/{rel}","templated":true}]}}