{"id":1882,"date":"2023-01-14T23:43:23","date_gmt":"2023-01-14T20:43:23","guid":{"rendered":"https:\/\/www.albertekstil.com.tr\/?page_id=1882"},"modified":"2023-02-07T12:57:58","modified_gmt":"2023-02-07T09:57:58","slug":"yacht-fabric","status":"publish","type":"page","link":"https:\/\/www.albertekstil.com.tr\/?page_id=1882&lang=en","title":{"rendered":"Yacht Fabric"},"content":{"rendered":"<p>[vc_row full_width=&#8221;stretch_row_content_no_spaces&#8221; equal_height=&#8221;yes&#8221; content_placement=&#8221;top&#8221;][vc_column]<div class=\"ult-spacer spacer-69f3a85c4f0d5\" data-id=\"69f3a85c4f0d5\" data-height=\"100\" data-height-mobile=\"100\" data-height-tab=\"100\" data-height-tab-portrait=\"\" data-height-mobile-landscape=\"\" style=\"clear:both;display:block;\"><\/div>[\/vc_column][vc_column width=&#8221;1\/2&#8243; css=&#8221;.vc_custom_1670284458860{padding-top: 50px !important;padding-right: 50px !important;padding-bottom: 50px !important;padding-left: 50px !important;background-color: #ffffff !important;border-radius: 35px !important;}&#8221;]<style type=\"text\/css\" data-type=\"the7_shortcodes-inline-css\">.shortcode-single-image-wrap.shortcode-single-image-08db1b56f9b41037815a6f583e17d2be.enable-bg-rollover .rollover i,\n.shortcode-single-image-wrap.shortcode-single-image-08db1b56f9b41037815a6f583e17d2be.enable-bg-rollover .rollover-video i {\n  background: -webkit-linear-gradient();\n  background: linear-gradient();\n}\n.shortcode-single-image-wrap.shortcode-single-image-08db1b56f9b41037815a6f583e17d2be .rollover-icon {\n  font-size: 32px;\n  color: #ffffff;\n  min-width: 44px;\n  min-height: 44px;\n  line-height: 44px;\n  border-radius: 100px;\n  border-style: solid;\n  border-width: 0px;\n}\n.dt-icon-bg-on.shortcode-single-image-wrap.shortcode-single-image-08db1b56f9b41037815a6f583e17d2be .rollover-icon {\n  background: rgba(255,255,255,0.3);\n  box-shadow: none;\n}\n<\/style><div class=\"shortcode-single-image-wrap shortcode-single-image-08db1b56f9b41037815a6f583e17d2be alignnone  vc_custom_1673019114771 enable-bg-rollover dt-icon-bg-off\" ><div class=\"shortcode-single-image\"><div class=\"fancy-media-wrap  layzr-bg\" style=\"\"><img loading=\"lazy\" decoding=\"async\" class=\"preload-me lazy-load\" src=\"data:image\/svg+xml,%3Csvg%20xmlns%3D&#39;http%3A%2F%2Fwww.w3.org%2F2000%2Fsvg&#39;%20viewBox%3D&#39;0%200%201080%20540&#39;%2F%3E\" data-src=\"https:\/\/www.albertekstil.com.tr\/wp-content\/uploads\/2022\/12\/Alber-Post-Yat2-1080x540.jpg\" data-srcset=\"https:\/\/www.albertekstil.com.tr\/wp-content\/uploads\/2022\/12\/Alber-Post-Yat2-1080x540.jpg 1080w\" width=\"1080\" height=\"540\"  data-dt-location=\"https:\/\/www.albertekstil.com.tr\/?attachment_id=1666\" style=\"\" alt=\"\" \/><\/div><\/div><\/div><div id=\"ultimate-heading-60769f3a85c519d2\" class=\"uvc-heading ult-adjust-bottom-margin ultimate-heading-60769f3a85c519d2 uvc-3213  uvc-heading-default-font-sizes\" data-hspacer=\"no_spacer\"  data-halign=\"left\" style=\"text-align:left\"><div class=\"uvc-heading-spacer no_spacer\" style=\"top\"><\/div><div class=\"uvc-main-heading ult-responsive\"  data-ultimate-target='.uvc-heading.ultimate-heading-60769f3a85c519d2 h2'  data-responsive-json-new='{\"font-size\":\"\",\"line-height\":\"\"}' ><h2 style=\"font-weight:bold;margin-bottom:20px;\">Single Sided Yacht Towel Fabric<\/h2><\/div><\/div>[\/vc_column][vc_column width=&#8221;1\/2&#8243; css=&#8221;.vc_custom_1674339569708{padding-top: 50px !important;padding-right: 50px !important;padding-bottom: 50px !important;padding-left: 50px !important;background-color: #ececec !important;}&#8221;]<style type=\"text\/css\" data-type=\"the7_shortcodes-inline-css\">.shortcode-single-image-wrap.shortcode-single-image-b1bff11b43f64d314244ed2f1bf2483b.enable-bg-rollover .rollover i,\n.shortcode-single-image-wrap.shortcode-single-image-b1bff11b43f64d314244ed2f1bf2483b.enable-bg-rollover .rollover-video i {\n  background: -webkit-linear-gradient();\n  background: linear-gradient();\n}\n.shortcode-single-image-wrap.shortcode-single-image-b1bff11b43f64d314244ed2f1bf2483b .rollover-icon {\n  font-size: 32px;\n  color: #ffffff;\n  min-width: 44px;\n  min-height: 44px;\n  line-height: 44px;\n  border-radius: 100px;\n  border-style: solid;\n  border-width: 0px;\n}\n.dt-icon-bg-on.shortcode-single-image-wrap.shortcode-single-image-b1bff11b43f64d314244ed2f1bf2483b .rollover-icon {\n  background: rgba(255,255,255,0.3);\n  box-shadow: none;\n}\n<\/style><div class=\"shortcode-single-image-wrap shortcode-single-image-b1bff11b43f64d314244ed2f1bf2483b alignnone  vc_custom_1673018956855 enable-bg-rollover dt-icon-bg-off\" ><div class=\"shortcode-single-image\"><div class=\"fancy-media-wrap  layzr-bg\" style=\"\"><img loading=\"lazy\" decoding=\"async\" class=\"preload-me lazy-load\" src=\"data:image\/svg+xml,%3Csvg%20xmlns%3D&#39;http%3A%2F%2Fwww.w3.org%2F2000%2Fsvg&#39;%20viewBox%3D&#39;0%200%201080%20540&#39;%2F%3E\" data-src=\"https:\/\/www.albertekstil.com.tr\/wp-content\/uploads\/2022\/12\/Alber-Yatch-e1674230645776-1080x540.jpg\" data-srcset=\"https:\/\/www.albertekstil.com.tr\/wp-content\/uploads\/2022\/12\/Alber-Yatch-e1674230645776-1080x540.jpg 1080w\" width=\"1080\" height=\"540\"  data-dt-location=\"https:\/\/www.albertekstil.com.tr\/?attachment_id=1559\" style=\"\" alt=\"\" \/><\/div><\/div><\/div><div id=\"ultimate-heading-738069f3a85c53510\" class=\"uvc-heading ult-adjust-bottom-margin ultimate-heading-738069f3a85c53510 uvc-776  uvc-heading-default-font-sizes\" data-hspacer=\"no_spacer\"  data-halign=\"left\" style=\"text-align:left\"><div class=\"uvc-heading-spacer no_spacer\" style=\"top\"><\/div><div class=\"uvc-main-heading ult-responsive\"  data-ultimate-target='.uvc-heading.ultimate-heading-738069f3a85c53510 h2'  data-responsive-json-new='{\"font-size\":\"\",\"line-height\":\"\"}' ><h2 style=\"font-weight:bold;margin-bottom:20px;\">Double Sided Yacht Towel Fabric<\/h2><\/div><\/div>[\/vc_column][\/vc_row][vc_row full_width=&#8221;stretch_row_content_no_spaces&#8221; equal_height=&#8221;yes&#8221; content_placement=&#8221;top&#8221; el_class=&#8221;reverse-row-on-mobile&#8221;][vc_column width=&#8221;1\/2&#8243; css=&#8221;.vc_custom_1674339581424{padding-top: 50px !important;padding-right: 50px !important;padding-bottom: 50px !important;padding-left: 50px !important;background-color: #ececec !important;}&#8221;]<style type=\"text\/css\" data-type=\"the7_shortcodes-inline-css\">.shortcode-single-image-wrap.shortcode-single-image-e8ad34aaba582b41d5c98326c543dfb5.enable-bg-rollover .rollover i,\n.shortcode-single-image-wrap.shortcode-single-image-e8ad34aaba582b41d5c98326c543dfb5.enable-bg-rollover .rollover-video i {\n  background: -webkit-linear-gradient();\n  background: linear-gradient();\n}\n.shortcode-single-image-wrap.shortcode-single-image-e8ad34aaba582b41d5c98326c543dfb5 .rollover-icon {\n  font-size: 32px;\n  color: #ffffff;\n  min-width: 44px;\n  min-height: 44px;\n  line-height: 44px;\n  border-radius: 100px;\n  border-style: solid;\n  border-width: 0px;\n}\n.dt-icon-bg-on.shortcode-single-image-wrap.shortcode-single-image-e8ad34aaba582b41d5c98326c543dfb5 .rollover-icon {\n  background: rgba(255,255,255,0.3);\n  box-shadow: none;\n}\n<\/style><div class=\"shortcode-single-image-wrap shortcode-single-image-e8ad34aaba582b41d5c98326c543dfb5 alignnone  vc_custom_1674229418386 enable-bg-rollover dt-icon-bg-off\" ><div class=\"shortcode-single-image\"><div class=\"fancy-media-wrap  layzr-bg\" style=\"\"><img loading=\"lazy\" decoding=\"async\" class=\"preload-me lazy-load\" src=\"data:image\/svg+xml,%3Csvg%20xmlns%3D&#39;http%3A%2F%2Fwww.w3.org%2F2000%2Fsvg&#39;%20viewBox%3D&#39;0%200%201200%20600&#39;%2F%3E\" data-src=\"https:\/\/www.albertekstil.com.tr\/wp-content\/uploads\/2023\/01\/ibrahim-mushan-nzPzTkwl5VI-unsplash-scaled-1200x600.jpg\" data-srcset=\"https:\/\/www.albertekstil.com.tr\/wp-content\/uploads\/2023\/01\/ibrahim-mushan-nzPzTkwl5VI-unsplash-scaled-1200x600.jpg 1200w, https:\/\/www.albertekstil.com.tr\/wp-content\/uploads\/2023\/01\/ibrahim-mushan-nzPzTkwl5VI-unsplash-scaled-2400x1200.jpg 2400w\" width=\"1200\" height=\"600\"  data-dt-location=\"https:\/\/www.albertekstil.com.tr\/?attachment_id=2036\" style=\"\" alt=\"\" \/><\/div><\/div><\/div><div id=\"ultimate-heading-391669f3a85c54b76\" class=\"uvc-heading ult-adjust-bottom-margin ultimate-heading-391669f3a85c54b76 uvc-1140  uvc-heading-default-font-sizes\" data-hspacer=\"no_spacer\"  data-halign=\"left\" style=\"text-align:left\"><div class=\"uvc-heading-spacer no_spacer\" style=\"top\"><\/div><div class=\"uvc-main-heading ult-responsive\"  data-ultimate-target='.uvc-heading.ultimate-heading-391669f3a85c54b76 h2'  data-responsive-json-new='{\"font-size\":\"\",\"line-height\":\"\"}' ><h2 style=\"font-weight:bold;margin-bottom:20px;\">Dream Soft Yacht Towel Fabric<\/h2><\/div><\/div>[\/vc_column][\/vc_row]<\/p>\n","protected":false},"excerpt":{"rendered":"<p>[vc_row full_width=&#8221;stretch_row_content_no_spaces&#8221; equal_height=&#8221;yes&#8221; content_placement=&#8221;top&#8221;][vc_column][\/vc_column][vc_column width=&#8221;1\/2&#8243; css=&#8221;.vc_custom_1670284458860{padding-top: 50px !important;padding-right: 50px !important;padding-bottom: 50px !important;padding-left: 50px !important;background-color: #ffffff !important;border-radius: 35px !important;}&#8221;][\/vc_column][vc_column width=&#8221;1\/2&#8243; css=&#8221;.vc_custom_1674339569708{padding-top: 50px !important;padding-right: 50px !important;padding-bottom: 50px !important;padding-left: 50px !important;background-color: #ececec !important;}&#8221;][\/vc_column][\/vc_row][vc_row full_width=&#8221;stretch_row_content_no_spaces&#8221; equal_height=&#8221;yes&#8221; content_placement=&#8221;top&#8221; el_class=&#8221;reverse-row-on-mobile&#8221;][vc_column width=&#8221;1\/2&#8243; css=&#8221;.vc_custom_1674339581424{padding-top: 50px !important;padding-right: 50px !important;padding-bottom: 50px !important;padding-left: 50px !important;background-color: #ececec !important;}&#8221;][\/vc_column][\/vc_row]<\/p>\n","protected":false},"author":1,"featured_media":0,"parent":0,"menu_order":25,"comment_status":"closed","ping_status":"closed","template":"","meta":{"footnotes":""},"class_list":["post-1882","page","type-page","status-publish","hentry","description-off"],"yoast_head":"<!-- This site is optimized with the Yoast SEO plugin v19.14 - https:\/\/yoast.com\/wordpress\/plugins\/seo\/ -->\n<title>Yacht Fabric - Denizli Alber Textile<\/title>\n<meta name=\"description\" content=\"Our single-sided, double-sided and dream soft yacht towel fabrics bring life to your upholstery with a wide range of color options.\" \/>\n<meta name=\"robots\" content=\"noindex, nofollow\" \/>\n<meta property=\"og:locale\" content=\"tr_TR\" \/>\n<meta property=\"og:type\" content=\"article\" \/>\n<meta property=\"og:title\" content=\"Yacht Fabric - Denizli Alber Textile\" \/>\n<meta property=\"og:description\" content=\"Our single-sided, double-sided and dream soft yacht towel fabrics bring life to your upholstery with a wide range of color options.\" \/>\n<meta property=\"og:url\" content=\"https:\/\/www.albertekstil.com.tr\/?page_id=1882&amp;lang=en\" \/>\n<meta property=\"og:site_name\" content=\"Denizli Alber Tekstil\" \/>\n<meta property=\"article:modified_time\" content=\"2023-02-07T09:57:58+00:00\" \/>\n<meta name=\"twitter:card\" content=\"summary_large_image\" \/>\n<meta name=\"twitter:label1\" content=\"Tahmini okuma s\u00fcresi\" \/>\n\t<meta name=\"twitter:data1\" content=\"1 dakika\" \/>\n<script type=\"application\/ld+json\" class=\"yoast-schema-graph\">{\"@context\":\"https:\/\/schema.org\",\"@graph\":[{\"@type\":\"WebPage\",\"@id\":\"https:\/\/www.albertekstil.com.tr\/?page_id=1882&lang=en\",\"url\":\"https:\/\/www.albertekstil.com.tr\/?page_id=1882&lang=en\",\"name\":\"Yacht Fabric - Denizli Alber Textile\",\"isPartOf\":{\"@id\":\"https:\/\/www.albertekstil.com.tr\/#website\"},\"datePublished\":\"2023-01-14T20:43:23+00:00\",\"dateModified\":\"2023-02-07T09:57:58+00:00\",\"description\":\"Our single-sided, double-sided and dream soft yacht towel fabrics bring life to your upholstery with a wide range of color options.\",\"breadcrumb\":{\"@id\":\"https:\/\/www.albertekstil.com.tr\/?page_id=1882&lang=en#breadcrumb\"},\"inLanguage\":\"tr\",\"potentialAction\":[{\"@type\":\"ReadAction\",\"target\":[\"https:\/\/www.albertekstil.com.tr\/?page_id=1882&lang=en\"]}]},{\"@type\":\"BreadcrumbList\",\"@id\":\"https:\/\/www.albertekstil.com.tr\/?page_id=1882&lang=en#breadcrumb\",\"itemListElement\":[{\"@type\":\"ListItem\",\"position\":1,\"name\":\"Anasayfa\",\"item\":\"https:\/\/www.albertekstil.com.tr\/\"},{\"@type\":\"ListItem\",\"position\":2,\"name\":\"Yacht Fabric\"}]},{\"@type\":\"WebSite\",\"@id\":\"https:\/\/www.albertekstil.com.tr\/#website\",\"url\":\"https:\/\/www.albertekstil.com.tr\/\",\"name\":\"Denizli Alber Tekstil\",\"description\":\"\u00dcretimde m\u00fckemmellik ve yenilik\u00e7ilik\",\"publisher\":{\"@id\":\"https:\/\/www.albertekstil.com.tr\/#organization\"},\"potentialAction\":[{\"@type\":\"SearchAction\",\"target\":{\"@type\":\"EntryPoint\",\"urlTemplate\":\"https:\/\/www.albertekstil.com.tr\/?s={search_term_string}\"},\"query-input\":\"required name=search_term_string\"}],\"inLanguage\":\"tr\"},{\"@type\":\"Organization\",\"@id\":\"https:\/\/www.albertekstil.com.tr\/#organization\",\"name\":\"Denizli Alber Tekstil\",\"url\":\"https:\/\/www.albertekstil.com.tr\/\",\"logo\":{\"@type\":\"ImageObject\",\"inLanguage\":\"tr\",\"@id\":\"https:\/\/www.albertekstil.com.tr\/#\/schema\/logo\/image\/\",\"url\":\"https:\/\/www.albertekstil.com.tr\/wp-content\/uploads\/2022\/12\/387x141-Alber-Logo.png\",\"contentUrl\":\"https:\/\/www.albertekstil.com.tr\/wp-content\/uploads\/2022\/12\/387x141-Alber-Logo.png\",\"width\":387,\"height\":141,\"caption\":\"Denizli Alber Tekstil\"},\"image\":{\"@id\":\"https:\/\/www.albertekstil.com.tr\/#\/schema\/logo\/image\/\"},\"sameAs\":[\"https:\/\/www.instagram.com\/albertekstil\/\"]}]}<\/script>\n<!-- \/ Yoast SEO plugin. -->","yoast_head_json":{"title":"Yacht Fabric - Denizli Alber Textile","description":"Our single-sided, double-sided and dream soft yacht towel fabrics bring life to your upholstery with a wide range of color options.","robots":{"index":"noindex","follow":"nofollow"},"og_locale":"tr_TR","og_type":"article","og_title":"Yacht Fabric - Denizli Alber Textile","og_description":"Our single-sided, double-sided and dream soft yacht towel fabrics bring life to your upholstery with a wide range of color options.","og_url":"https:\/\/www.albertekstil.com.tr\/?page_id=1882&lang=en","og_site_name":"Denizli Alber Tekstil","article_modified_time":"2023-02-07T09:57:58+00:00","twitter_card":"summary_large_image","twitter_misc":{"Tahmini okuma s\u00fcresi":"1 dakika"},"schema":{"@context":"https:\/\/schema.org","@graph":[{"@type":"WebPage","@id":"https:\/\/www.albertekstil.com.tr\/?page_id=1882&lang=en","url":"https:\/\/www.albertekstil.com.tr\/?page_id=1882&lang=en","name":"Yacht Fabric - Denizli Alber Textile","isPartOf":{"@id":"https:\/\/www.albertekstil.com.tr\/#website"},"datePublished":"2023-01-14T20:43:23+00:00","dateModified":"2023-02-07T09:57:58+00:00","description":"Our single-sided, double-sided and dream soft yacht towel fabrics bring life to your upholstery with a wide range of color options.","breadcrumb":{"@id":"https:\/\/www.albertekstil.com.tr\/?page_id=1882&lang=en#breadcrumb"},"inLanguage":"tr","potentialAction":[{"@type":"ReadAction","target":["https:\/\/www.albertekstil.com.tr\/?page_id=1882&lang=en"]}]},{"@type":"BreadcrumbList","@id":"https:\/\/www.albertekstil.com.tr\/?page_id=1882&lang=en#breadcrumb","itemListElement":[{"@type":"ListItem","position":1,"name":"Anasayfa","item":"https:\/\/www.albertekstil.com.tr\/"},{"@type":"ListItem","position":2,"name":"Yacht Fabric"}]},{"@type":"WebSite","@id":"https:\/\/www.albertekstil.com.tr\/#website","url":"https:\/\/www.albertekstil.com.tr\/","name":"Denizli Alber Tekstil","description":"\u00dcretimde m\u00fckemmellik ve yenilik\u00e7ilik","publisher":{"@id":"https:\/\/www.albertekstil.com.tr\/#organization"},"potentialAction":[{"@type":"SearchAction","target":{"@type":"EntryPoint","urlTemplate":"https:\/\/www.albertekstil.com.tr\/?s={search_term_string}"},"query-input":"required name=search_term_string"}],"inLanguage":"tr"},{"@type":"Organization","@id":"https:\/\/www.albertekstil.com.tr\/#organization","name":"Denizli Alber Tekstil","url":"https:\/\/www.albertekstil.com.tr\/","logo":{"@type":"ImageObject","inLanguage":"tr","@id":"https:\/\/www.albertekstil.com.tr\/#\/schema\/logo\/image\/","url":"https:\/\/www.albertekstil.com.tr\/wp-content\/uploads\/2022\/12\/387x141-Alber-Logo.png","contentUrl":"https:\/\/www.albertekstil.com.tr\/wp-content\/uploads\/2022\/12\/387x141-Alber-Logo.png","width":387,"height":141,"caption":"Denizli Alber Tekstil"},"image":{"@id":"https:\/\/www.albertekstil.com.tr\/#\/schema\/logo\/image\/"},"sameAs":["https:\/\/www.instagram.com\/albertekstil\/"]}]}},"_links":{"self":[{"href":"https:\/\/www.albertekstil.com.tr\/index.php?rest_route=\/wp\/v2\/pages\/1882","targetHints":{"allow":["GET"]}}],"collection":[{"href":"https:\/\/www.albertekstil.com.tr\/index.php?rest_route=\/wp\/v2\/pages"}],"about":[{"href":"https:\/\/www.albertekstil.com.tr\/index.php?rest_route=\/wp\/v2\/types\/page"}],"author":[{"embeddable":true,"href":"https:\/\/www.albertekstil.com.tr\/index.php?rest_route=\/wp\/v2\/users\/1"}],"replies":[{"embeddable":true,"href":"https:\/\/www.albertekstil.com.tr\/index.php?rest_route=%2Fwp%2Fv2%2Fcomments&post=1882"}],"version-history":[{"count":10,"href":"https:\/\/www.albertekstil.com.tr\/index.php?rest_route=\/wp\/v2\/pages\/1882\/revisions"}],"predecessor-version":[{"id":2091,"href":"https:\/\/www.albertekstil.com.tr\/index.php?rest_route=\/wp\/v2\/pages\/1882\/revisions\/2091"}],"wp:attachment":[{"href":"https:\/\/www.albertekstil.com.tr\/index.php?rest_route=%2Fwp%2Fv2%2Fmedia&parent=1882"}],"curies":[{"name":"wp","href":"https:\/\/api.w.org\/{rel}","templated":true}]}}